{"id":33,"date":"2022-09-24T18:51:23","date_gmt":"2022-09-24T18:51:23","guid":{"rendered":"http:\/\/www.ohrv.pl\/?page_id=33"},"modified":"2024-06-17T19:30:37","modified_gmt":"2024-06-17T19:30:37","slug":"strona-glowna","status":"publish","type":"page","link":"https:\/\/www.ohrv.pl\/","title":{"rendered":""},"content":{"rendered":"\n<figure class=\"wp-block-image size-large is-resized\"><a href=\"https:\/\/www.ohrv.pl\/?page_id=37\"><img loading=\"lazy\" decoding=\"async\" width=\"1024\" height=\"95\" src=\"https:\/\/www.ohrv.pl\/wp-content\/uploads\/2022\/09\/LogoUE-1-1024x95.png\" alt=\"\" class=\"wp-image-84\" srcset=\"https:\/\/www.ohrv.pl\/wp-content\/uploads\/2022\/09\/LogoUE-1-1024x95.png 1024w, https:\/\/www.ohrv.pl\/wp-content\/uploads\/2022\/09\/LogoUE-1-300x28.png 300w, https:\/\/www.ohrv.pl\/wp-content\/uploads\/2022\/09\/LogoUE-1-768x71.png 768w, https:\/\/www.ohrv.pl\/wp-content\/uploads\/2022\/09\/LogoUE-1.png 1034w\" sizes=\"auto, (max-width: 1024px) 100vw, 1024px\" \/><\/a><\/figure>\n\n\n\n<div class=\"wp-block-cover alignfull\" style=\"min-height:641px;aspect-ratio:unset;\"><span aria-hidden=\"true\" class=\"wp-block-cover__background has-background-dim-0 has-background-dim\"><\/span><img loading=\"lazy\" decoding=\"async\" width=\"2560\" height=\"1321\" class=\"wp-block-cover__image-background wp-image-416\" alt=\"\" src=\"https:\/\/www.ohrv.pl\/wp-content\/uploads\/2024\/06\/OHRV-hamownia-scaled.jpg\" data-object-fit=\"cover\" srcset=\"https:\/\/www.ohrv.pl\/wp-content\/uploads\/2024\/06\/OHRV-hamownia-scaled.jpg 2560w, https:\/\/www.ohrv.pl\/wp-content\/uploads\/2024\/06\/OHRV-hamownia-300x155.jpg 300w, https:\/\/www.ohrv.pl\/wp-content\/uploads\/2024\/06\/OHRV-hamownia-1024x529.jpg 1024w, https:\/\/www.ohrv.pl\/wp-content\/uploads\/2024\/06\/OHRV-hamownia-768x396.jpg 768w, https:\/\/www.ohrv.pl\/wp-content\/uploads\/2024\/06\/OHRV-hamownia-1536x793.jpg 1536w, https:\/\/www.ohrv.pl\/wp-content\/uploads\/2024\/06\/OHRV-hamownia-2048x1057.jpg 2048w\" sizes=\"auto, (max-width: 2560px) 100vw, 2560px\" \/><div class=\"wp-block-cover__inner-container is-layout-flow wp-block-cover-is-layout-flow\">\n<div style=\"height:80px\" aria-hidden=\"true\" class=\"wp-block-spacer\"><\/div>\n\n\n\n<p><\/p>\n\n\n\n<p><\/p>\n\n\n\n<p class=\"has-text-align-center\" style=\"font-size:17px\"><\/p>\n\n\n\n<div style=\"height:80px\" aria-hidden=\"true\" class=\"wp-block-spacer\"><\/div>\n\n\n\n<div style=\"height:49px\" aria-hidden=\"true\" class=\"wp-block-spacer\"><\/div>\n\n\n\n<h1 class=\"wp-block-heading has-text-align-center has-nv-site-bg-color has-text-color\"><\/h1>\n\n\n\n<div class=\"wp-block-buttons is-content-justification-center is-layout-flex wp-container-core-buttons-is-layout-16018d1d wp-block-buttons-is-layout-flex\">\n<div class=\"wp-block-button\"><a class=\"wp-block-button__link has-text-align-left wp-element-button\">Silnik OHRV 2 podczas test\u00f3w na hamowni w podwoziu Junak M10<\/a><\/div>\n<\/div>\n<\/div><\/div>\n\n\n\n<p><\/p>\n\n\n\n<div class=\"wp-block-columns is-layout-flex wp-container-core-columns-is-layout-9d6595d7 wp-block-columns-is-layout-flex\">\n<div class=\"wp-block-column is-layout-flow wp-block-column-is-layout-flow\">\n<h4 class=\"wp-block-heading has-text-align-center has-neve-text-color-color has-text-color\">Jako\u015b\u0107<\/h4>\n\n\n\n<p class=\"has-text-align-center\">Klasa jako\u015bci wykonania wed\u0142ug PN-ISO 286:2011, system zarz\u0105dzania jako\u015bci\u0105 produktu wed\u0142ug PN-EN ISO 9001:2015<\/p>\n<\/div>\n\n\n\n<div class=\"wp-block-column is-layout-flow wp-block-column-is-layout-flow\">\n<h4 class=\"wp-block-heading has-text-align-center has-neve-text-color-color has-text-color\">Innowacyjno\u015b\u0107<\/h4>\n\n\n\n<p class=\"has-text-align-center\">Jednostka nap\u0119dowa o klasycznym wygl\u0105dzie, z innowacyjnym<br>rozwi\u0105zaniem uk\u0142adu rozrz\u0105du<\/p>\n<\/div>\n\n\n\n<div class=\"wp-block-column is-layout-flow wp-block-column-is-layout-flow\">\n<h4 class=\"wp-block-heading has-text-align-center has-neve-text-color-color has-text-color\">Ekonomiczno\u015b\u0107<\/h4>\n\n\n\n<p class=\"has-text-align-center\">Mniejsze zu\u017cycie paliwa, wy\u017cszy pojemno\u015bciowy wska\u017anik mocy, wy\u017cszy stopie\u0144 spr\u0119\u017cania<\/p>\n<\/div>\n<\/div>\n\n\n\n<div class=\"wp-block-cover alignfull\" style=\"min-height:615px;aspect-ratio:unset;\"><span aria-hidden=\"true\" class=\"wp-block-cover__background has-nv-light-bg-background-color has-background-dim-100 has-background-dim\"><\/span><div class=\"wp-block-cover__inner-container is-layout-flow wp-block-cover-is-layout-flow\">\n<div class=\"wp-block-group\"><div class=\"wp-block-group__inner-container is-layout-flow wp-block-group-is-layout-flow\">\n<div class=\"wp-block-columns are-vertically-aligned-center is-layout-flex wp-container-core-columns-is-layout-9d6595d7 wp-block-columns-is-layout-flex\">\n<div class=\"wp-block-column is-vertically-aligned-center is-layout-flow wp-block-column-is-layout-flow\" style=\"flex-basis:50%\">\n<figure class=\"wp-block-image size-full\"><img loading=\"lazy\" decoding=\"async\" width=\"900\" height=\"618\" src=\"https:\/\/www.ohrv.pl\/wp-content\/uploads\/2022\/09\/projektowanie.jpeg\" alt=\"\" class=\"wp-image-106\" srcset=\"https:\/\/www.ohrv.pl\/wp-content\/uploads\/2022\/09\/projektowanie.jpeg 900w, https:\/\/www.ohrv.pl\/wp-content\/uploads\/2022\/09\/projektowanie-300x206.jpeg 300w, https:\/\/www.ohrv.pl\/wp-content\/uploads\/2022\/09\/projektowanie-768x527.jpeg 768w\" sizes=\"auto, (max-width: 900px) 100vw, 900px\" \/><\/figure>\n<\/div>\n\n\n\n<div class=\"wp-block-column is-vertically-aligned-center is-layout-flow wp-block-column-is-layout-flow\" style=\"flex-basis:50%\">\n<div style=\"height:20px\" aria-hidden=\"true\" class=\"wp-block-spacer\"><\/div>\n\n\n\n<h2 class=\"wp-block-heading has-text-align-center has-neve-text-color-color has-text-color\">Projektowanie silnik\u00f3w spalinowych<\/h2>\n\n\n\n<div class=\"wp-block-buttons is-content-justification-left is-layout-flex wp-container-core-buttons-is-layout-fdcfc74e wp-block-buttons-is-layout-flex\">\n<div class=\"wp-block-button\"><a class=\"wp-block-button__link wp-element-button\">Wykonujemy projektowanie silnik\u00f3w spalinowych na zam\u00f3wienie dla przemys\u0142u transportowego, w tym obliczenia: termodynamiczne, cieplne, przep\u0142ywowe, dynamiczne, drga\u0144, wytrzyma\u0142o\u015bci zm\u0119czeniowej, trwa\u0142o\u015bci, niezawodno\u015bci; makiety; rysunki konstrukcyjne, technologiczne; dokumentacj\u0119 dla u\u017cytkownika i serwisant\u00f3w.<\/a><\/div>\n<\/div>\n<\/div>\n<\/div>\n<\/div><\/div>\n<\/div><\/div>\n\n\n\n<div class=\"wp-block-cover alignfull\" style=\"min-height:526px;aspect-ratio:unset;\"><span aria-hidden=\"true\" class=\"wp-block-cover__background has-nv-site-bg-background-color has-background-dim-100 has-background-dim\"><\/span><div class=\"wp-block-cover__inner-container is-layout-flow wp-block-cover-is-layout-flow\">\n<div class=\"wp-block-group\"><div class=\"wp-block-group__inner-container is-layout-flow wp-block-group-is-layout-flow\">\n<div class=\"wp-block-columns are-vertically-aligned-center is-layout-flex wp-container-core-columns-is-layout-9d6595d7 wp-block-columns-is-layout-flex\">\n<div class=\"wp-block-column is-vertically-aligned-center is-layout-flow wp-block-column-is-layout-flow\" style=\"flex-basis:50%\">\n<h2 class=\"wp-block-heading has-text-align-center has-neve-text-color-color has-text-color\">Produkcja spalinowych silnik\u00f3w motocyklowych <\/h2>\n\n\n\n<div class=\"wp-block-buttons is-content-justification-left is-layout-flex wp-container-core-buttons-is-layout-fdcfc74e wp-block-buttons-is-layout-flex\">\n<div class=\"wp-block-button\"><a class=\"wp-block-button__link wp-element-button\">Produkujemy silniki spalinowe za pomoc\u0105 klasycznych technik wytwarzania jak odlewanie aluminium w formach piaskowych; obr\u00f3bk\u0119 mechaniczn\u0105 za pomoc\u0105 operacji toczenia, frezowania, wiercenia oraz szlifowania; technik przyrostowych z wykorzystaniem druku 3D.<\/a><\/div>\n<\/div>\n<\/div>\n\n\n\n<div class=\"wp-block-column is-vertically-aligned-center is-layout-flow wp-block-column-is-layout-flow\" style=\"flex-basis:50%\">\n<figure class=\"wp-block-image size-full is-resized\"><img loading=\"lazy\" decoding=\"async\" width=\"1024\" height=\"576\" src=\"https:\/\/www.ohrv.pl\/wp-content\/uploads\/2022\/09\/produkcja.jpg\" alt=\"\" class=\"wp-image-107\" style=\"width:397px;height:auto\" srcset=\"https:\/\/www.ohrv.pl\/wp-content\/uploads\/2022\/09\/produkcja.jpg 1024w, https:\/\/www.ohrv.pl\/wp-content\/uploads\/2022\/09\/produkcja-300x169.jpg 300w, https:\/\/www.ohrv.pl\/wp-content\/uploads\/2022\/09\/produkcja-768x432.jpg 768w\" sizes=\"auto, (max-width: 1024px) 100vw, 1024px\" \/><\/figure>\n<\/div>\n<\/div>\n<\/div><\/div>\n<\/div><\/div>\n\n\n\n<div class=\"wp-block-cover alignfull\" style=\"min-height:445px;aspect-ratio:unset;\"><span aria-hidden=\"true\" class=\"wp-block-cover__background has-nv-dark-bg-background-color has-background-dim-100 has-background-dim\"><\/span><div class=\"wp-block-cover__inner-container is-layout-flow wp-block-cover-is-layout-flow\">\n<div class=\"wp-block-group\"><div class=\"wp-block-group__inner-container is-layout-flow wp-block-group-is-layout-flow\">\n<div class=\"wp-block-columns are-vertically-aligned-center is-layout-flex wp-container-core-columns-is-layout-9d6595d7 wp-block-columns-is-layout-flex\">\n<div class=\"wp-block-column is-vertically-aligned-center is-layout-flow wp-block-column-is-layout-flow\" style=\"flex-basis:50%\">\n<figure class=\"wp-block-image size-full\"><img loading=\"lazy\" decoding=\"async\" width=\"960\" height=\"400\" src=\"https:\/\/www.ohrv.pl\/wp-content\/uploads\/2022\/09\/serwis.jpg\" alt=\"\" class=\"wp-image-108\" srcset=\"https:\/\/www.ohrv.pl\/wp-content\/uploads\/2022\/09\/serwis.jpg 960w, https:\/\/www.ohrv.pl\/wp-content\/uploads\/2022\/09\/serwis-300x125.jpg 300w, https:\/\/www.ohrv.pl\/wp-content\/uploads\/2022\/09\/serwis-768x320.jpg 768w\" sizes=\"auto, (max-width: 960px) 100vw, 960px\" \/><\/figure>\n<\/div>\n\n\n\n<div class=\"wp-block-column is-vertically-aligned-center is-layout-flow wp-block-column-is-layout-flow\" style=\"flex-basis:50%\">\n<h2 class=\"wp-block-heading has-text-align-center has-nv-text-dark-bg-color has-text-color\">Remonty i serwis silnik\u00f3w motocyklowych<\/h2>\n\n\n\n<p class=\"has-text-align-left has-nv-text-dark-bg-color has-text-color\" style=\"font-size:17px\"><\/p>\n\n\n\n<div class=\"wp-block-buttons is-content-justification-left is-layout-flex wp-container-core-buttons-is-layout-fdcfc74e wp-block-buttons-is-layout-flex\">\n<div class=\"wp-block-button\"><a class=\"wp-block-button__link wp-element-button\">Wykonujemy przegl\u0105dy i remonty silnik\u00f3w motocyklowych, w tym generalne z wykonaniem element\u00f3w uszkodzonych na nowo oraz wymian\u0119 element\u00f3w polepszaj\u0105c\u0105 ich osi\u0105gi.<\/a><\/div>\n<\/div>\n<\/div>\n<\/div>\n<\/div><\/div>\n<\/div><\/div>\n","protected":false},"excerpt":{"rendered":"<p>Jako\u015b\u0107 Klasa jako\u015bci wykonania wed\u0142ug PN-ISO 286:2011, system zarz\u0105dzania jako\u015bci\u0105 produktu wed\u0142ug PN-EN ISO 9001:2015 Innowacyjno\u015b\u0107 Jednostka nap\u0119dowa o klasycznym wygl\u0105dzie, z innowacyjnymrozwi\u0105zaniem uk\u0142adu rozrz\u0105du Ekonomiczno\u015b\u0107 Mniejsze zu\u017cycie paliwa, wy\u017cszy pojemno\u015bciowy wska\u017anik mocy, wy\u017cszy stopie\u0144 spr\u0119\u017cania<\/p>\n","protected":false},"author":1,"featured_media":0,"parent":0,"menu_order":0,"comment_status":"closed","ping_status":"open","template":"","meta":{"footnotes":""},"class_list":["post-33","page","type-page","status-publish","hentry"],"_links":{"self":[{"href":"https:\/\/www.ohrv.pl\/index.php?rest_route=\/wp\/v2\/pages\/33","targetHints":{"allow":["GET"]}}],"collection":[{"href":"https:\/\/www.ohrv.pl\/index.php?rest_route=\/wp\/v2\/pages"}],"about":[{"href":"https:\/\/www.ohrv.pl\/index.php?rest_route=\/wp\/v2\/types\/page"}],"author":[{"embeddable":true,"href":"https:\/\/www.ohrv.pl\/index.php?rest_route=\/wp\/v2\/users\/1"}],"replies":[{"embeddable":true,"href":"https:\/\/www.ohrv.pl\/index.php?rest_route=%2Fwp%2Fv2%2Fcomments&post=33"}],"version-history":[{"count":36,"href":"https:\/\/www.ohrv.pl\/index.php?rest_route=\/wp\/v2\/pages\/33\/revisions"}],"predecessor-version":[{"id":427,"href":"https:\/\/www.ohrv.pl\/index.php?rest_route=\/wp\/v2\/pages\/33\/revisions\/427"}],"wp:attachment":[{"href":"https:\/\/www.ohrv.pl\/index.php?rest_route=%2Fwp%2Fv2%2Fmedia&parent=33"}],"curies":[{"name":"wp","href":"https:\/\/api.w.org\/{rel}","templated":true}]}}